{"id":196,"date":"2013-02-10T18:18:15","date_gmt":"2013-02-10T17:18:15","guid":{"rendered":"http:\/\/progettomarco.wordpress.com\/?page_id=196"},"modified":"2019-10-30T18:29:22","modified_gmt":"2019-10-30T17:29:22","slug":"estratti-conto","status":"publish","type":"page","link":"https:\/\/www.progettomarco.it\/?page_id=196","title":{"rendered":"Estratti conto e bonifici"},"content":{"rendered":"<p style=\"text-align: justify;\">Principio fondante della Onlus Progetto Marco \u00e8 quello di garantire la completa trasparenza del suo operato. In questa sezione sono disponibili tutti i documenti e gli estratti conto relativi all&#8217;Associazione, a testimonianza di tutto ci\u00f2 che \u00e8 stato realizzato in questi anni di attivit\u00e0.<\/p>\n<p style=\"text-align: justify;\">Estratti Conto e Bonifici:<\/p>\n<ul>\n<li><a title=\"Estratti conto e bonifici \u2013 2005\" href=\"http:\/\/www.progettomarco.it\/?page_id=238\">Anno 2005<\/a><\/li>\n<li><a title=\"Estratti conto e bonifici \u2013 2006\" href=\"http:\/\/www.progettomarco.it\/?page_id=248\">Anno 2006<\/a><\/li>\n<li><a title=\"Estratti conto e bonifici \u2013 2007\" href=\"http:\/\/www.progettomarco.it\/?page_id=259\">Anno 2007<\/a><\/li>\n<li><a title=\"Estratti conto e bonifici \u2013 2008\" href=\"http:\/\/www.progettomarco.it\/?page_id=273\">Anno 2008<\/a><\/li>\n<li><a title=\"Estratti conto e bonifici \u2013 2009\" href=\"http:\/\/www.progettomarco.it\/?page_id=299\">Anno 2009<\/a><\/li>\n<li><a title=\"Estratti conto e bonifici \u2013 2010\" href=\"http:\/\/www.progettomarco.it\/?page_id=312\">Anno 2010<\/a><\/li>\n<li><a href=\"http:\/\/www.progettomarco.it\/?page_id=1181\">Anno 2011<\/a><\/li>\n<li><a href=\"http:\/\/www.progettomarco.it\/?page_id=1158\">Anno 2012<\/a><\/li>\n<li><a title=\"Estratti conto e bonifici \u2013 2013\" href=\"http:\/\/www.progettomarco.it\/?page_id=331\">Anno 2013<\/a><\/li>\n<li><a title=\"Estratti conto e bonifici \u2013 2014\" href=\"http:\/\/www.progettomarco.it\/?page_id=1629\">Anno 2014<\/a><\/li>\n<li><a title=\"Estratto conto e bonifici 2015\" href=\"http:\/\/www.progettomarco.it\/?page_id=1936\">Anno 2015<\/a><\/li>\n<li><a href=\"http:\/\/www.progettomarco.it\/?page_id=2056\">Anno 2016<\/a><\/li>\n<li><a href=\"http:\/\/www.progettomarco.it\/?page_id=2257\">Anno 2017<\/a><\/li>\n<li><a href=\"http:\/\/www.progettomarco.it\/?p=2347\">Anno 2018<\/a><\/li>\n<li><a href=\"http:\/\/www.progettomarco.it\/?page_id=2492&amp;preview_id=2492&amp;preview_nonce=dc3faa7686&amp;preview=true\">Anno 2019<\/a><\/li>\n<\/ul>\n\n\n<p><\/p>\n","protected":false},"excerpt":{"rendered":"<p>Principio fondante della Onlus Progetto Marco \u00e8 quello di garantire la completa trasparenza del suo operato. In questa sezione sono disponibili tutti i documenti e gli estratti conto relativi all&#8217;Associazione, a testimonianza di tutto ci\u00f2 che \u00e8 stato realizzato in questi anni di attivit\u00e0. Estratti Conto e Bonifici: Anno 2005 Anno 2006 Anno 2007 Anno [&hellip;]<\/p>\n","protected":false},"author":1,"featured_media":0,"parent":0,"menu_order":0,"comment_status":"closed","ping_status":"closed","template":"","meta":[],"_links":{"self":[{"href":"https:\/\/www.progettomarco.it\/index.php?rest_route=\/wp\/v2\/pages\/196"}],"collection":[{"href":"https:\/\/www.progettomarco.it\/index.php?rest_route=\/wp\/v2\/pages"}],"about":[{"href":"https:\/\/www.progettomarco.it\/index.php?rest_route=\/wp\/v2\/types\/page"}],"author":[{"embeddable":true,"href":"https:\/\/www.progettomarco.it\/index.php?rest_route=\/wp\/v2\/users\/1"}],"replies":[{"embeddable":true,"href":"https:\/\/www.progettomarco.it\/index.php?rest_route=%2Fwp%2Fv2%2Fcomments&post=196"}],"version-history":[{"count":20,"href":"https:\/\/www.progettomarco.it\/index.php?rest_route=\/wp\/v2\/pages\/196\/revisions"}],"predecessor-version":[{"id":2496,"href":"https:\/\/www.progettomarco.it\/index.php?rest_route=\/wp\/v2\/pages\/196\/revisions\/2496"}],"wp:attachment":[{"href":"https:\/\/www.progettomarco.it\/index.php?rest_route=%2Fwp%2Fv2%2Fmedia&parent=196"}],"curies":[{"name":"wp","href":"https:\/\/api.w.org\/{rel}","templated":true}]}}