{"id":137,"date":"2012-11-13T09:21:49","date_gmt":"2012-11-13T08:21:49","guid":{"rendered":"http:\/\/progettomarco.wordpress.com\/?page_id=137"},"modified":"2019-12-10T13:19:17","modified_gmt":"2019-12-10T12:19:17","slug":"chi-siamo","status":"publish","type":"page","link":"https:\/\/www.progettomarco.it\/?page_id=137","title":{"rendered":"Chi siamo"},"content":{"rendered":"<p>Progetto Marco Onlus nasce nel 2000 come associazione socio-umanitaria in ricordo di Marco Spinosa, un giovane ragazzo morto prematuramente per una grave malattia.<br \/>\nMarco, alcuni anni prima, aveva adottato a distanza insieme alla sua famiglia una ragazza africana di nome Edina, originaria del piccolo stato del Malawi.<br \/>\nFin da subito, aveva espresso il grande desiderio di conoscere pi\u00f9 da vicino la realt\u00e0 africana, per poter aiutare in prima persona chi davvero ne aveva bisogno. Ma la giovane et\u00e0 prima, e la grave malattia poi, ne avevano reso impossibile la realizzazione.<\/p>\n<p>Progetto Marco Onlus nasce per questo: avverare il sogno di Marco di aiutare da vicino il popolo africano, con progetti socio-umanitari in Malawi, Camerun, Ghana \u00a0e Repubblica Democratica del Congo.<\/p>\n<p><a href=\"http:\/\/www.progettomarco.it\/wp-content\/uploads\/2012\/10\/atto.pdf\">Scarica l&#8217;atto costitutivo<\/a><\/p>\n<p><a href=\"http:\/\/www.progettomarco.it\/wp-content\/uploads\/2012\/10\/marco.pdf\">Scarica il documento &#8220;Grazie Marco&#8221;<\/a><\/p>\n","protected":false},"excerpt":{"rendered":"<p>Progetto Marco Onlus nasce nel 2000 come associazione socio-umanitaria in ricordo di Marco Spinosa, un giovane ragazzo morto prematuramente per una grave malattia. Marco, alcuni anni prima, aveva adottato a distanza insieme alla sua famiglia una ragazza africana di nome Edina, originaria del piccolo stato del Malawi. Fin da subito, aveva espresso il grande desiderio [&hellip;]<\/p>\n","protected":false},"author":1,"featured_media":0,"parent":0,"menu_order":0,"comment_status":"closed","ping_status":"closed","template":"","meta":[],"_links":{"self":[{"href":"https:\/\/www.progettomarco.it\/index.php?rest_route=\/wp\/v2\/pages\/137"}],"collection":[{"href":"https:\/\/www.progettomarco.it\/index.php?rest_route=\/wp\/v2\/pages"}],"about":[{"href":"https:\/\/www.progettomarco.it\/index.php?rest_route=\/wp\/v2\/types\/page"}],"author":[{"embeddable":true,"href":"https:\/\/www.progettomarco.it\/index.php?rest_route=\/wp\/v2\/users\/1"}],"replies":[{"embeddable":true,"href":"https:\/\/www.progettomarco.it\/index.php?rest_route=%2Fwp%2Fv2%2Fcomments&post=137"}],"version-history":[{"count":2,"href":"https:\/\/www.progettomarco.it\/index.php?rest_route=\/wp\/v2\/pages\/137\/revisions"}],"predecessor-version":[{"id":1371,"href":"https:\/\/www.progettomarco.it\/index.php?rest_route=\/wp\/v2\/pages\/137\/revisions\/1371"}],"wp:attachment":[{"href":"https:\/\/www.progettomarco.it\/index.php?rest_route=%2Fwp%2Fv2%2Fmedia&parent=137"}],"curies":[{"name":"wp","href":"https:\/\/api.w.org\/{rel}","templated":true}]}}